{"id":1771,"date":"2022-07-15T02:50:33","date_gmt":"2022-07-15T02:50:33","guid":{"rendered":"https:\/\/itcroctheme.com\/wp\/demos\/themes\/benqu\/?page_id=12"},"modified":"2025-03-25T12:01:51","modified_gmt":"2025-03-25T12:01:51","slug":"home","status":"publish","type":"page","link":"https:\/\/ammabarbacena.com.br\/perguntas-frequentes\/home\/","title":{"rendered":"Home"},"content":{"rendered":"\t\t<div data-elementor-type=\"wp-page\" data-elementor-id=\"1771\" class=\"elementor elementor-1771\">\n\t\t\t\t\t\t<section class=\"elementor-section elementor-top-section elementor-element elementor-element-a32e7b8 elementor-section-boxed elementor-section-height-default elementor-section-height-default\" data-id=\"a32e7b8\" data-element_type=\"section\" data-e-type=\"section\">\n\t\t\t\t\t\t<div class=\"elementor-container elementor-column-gap-default\">\n\t\t\t\t\t<div class=\"elementor-column elementor-col-66 elementor-top-column elementor-element elementor-element-344d8f9\" data-id=\"344d8f9\" data-element_type=\"column\" data-e-type=\"column\">\n\t\t\t<div class=\"elementor-widget-wrap elementor-element-populated\">\n\t\t\t\t\t\t<div class=\"elementor-element elementor-element-c71dec9 elementor-widget elementor-widget-benqu-post-overlay-v2\" data-id=\"c71dec9\" data-element_type=\"widget\" data-e-type=\"widget\" data-widget_type=\"benqu-post-overlay-v2.default\">\n\t\t\t\t<div class=\"elementor-widget-container\">\n\t\t\t\t\t\t\t<div class=\"pfy-post-grid-wrap pfy-overlay-style-9\">\r\n        <\/div>\r\n    \t\t\t\t<\/div>\n\t\t\t\t<\/div>\n\t\t\t\t<div class=\"elementor-element elementor-element-7b6e4ad elementor-widget elementor-widget-benqu-post-grid\" data-id=\"7b6e4ad\" data-element_type=\"widget\" data-e-type=\"widget\" data-widget_type=\"benqu-post-grid.default\">\n\t\t\t\t<div class=\"elementor-widget-container\">\n\t\t\t\t\t\r\n\t\t<div class=\"pfy-post-grid-wrap grid-style-2 grid-style-9\">\r\n    <div class=\"row\">\r\n        <\/div>\r\n<\/div>\t\t\r\n    \t\t\t\t<\/div>\n\t\t\t\t<\/div>\n\t\t\t\t\t<\/div>\n\t\t<\/div>\n\t\t\t\t<div class=\"elementor-column elementor-col-33 elementor-top-column elementor-element elementor-element-d69ce08\" data-id=\"d69ce08\" data-element_type=\"column\" data-e-type=\"column\">\n\t\t\t<div class=\"elementor-widget-wrap elementor-element-populated\">\n\t\t\t\t\t\t<div class=\"elementor-element elementor-element-46834cb elementor-widget elementor-widget-benqu-post-list\" data-id=\"46834cb\" data-element_type=\"widget\" data-e-type=\"widget\" data-widget_type=\"benqu-post-list.default\">\n\t\t\t\t<div class=\"elementor-widget-container\">\n\t\t\t\t\t\t\t<div class=\"pfy-post-list-wrap list-style-1 list-style-6\">\r\n        <div class=\"pfy-post-item pfy-scale pfy-flex\">\r\n                        <div class=\"pfy-post-content\">\r\n\r\n                                            <a class=\"benqu-cate-badge\" href=\"https:\/\/ammabarbacena.com.br\/perguntas-frequentes\/categorias\/conteudo\/\" style=\"background-color:#3b60fe\">\n        <span>Conte\u00fado<\/span> \n        <\/a>\n                    \r\n                <h4 class=\"pfy-post-title\"><a href=\"https:\/\/ammabarbacena.com.br\/perguntas-frequentes\/o-que-e-dilacao\/\">O que \u00e9 dila\u00e7\u00e3o<\/a><\/h4>\r\n\r\n                                <span class=\"pfy-post-date\"><i class=\"fal fa-calendar-alt\"><\/i> 17\/07\/2025<\/span>\r\n                \r\n            <\/div>\r\n        <\/div>\r\n            <div class=\"pfy-post-item pfy-scale pfy-flex\">\r\n                        <div class=\"pfy-post-content\">\r\n\r\n                                            <a class=\"benqu-cate-badge\" href=\"https:\/\/ammabarbacena.com.br\/perguntas-frequentes\/categorias\/conteudo\/\" style=\"background-color:#3b60fe\">\n        <span>Conte\u00fado<\/span> \n        <\/a>\n                    \r\n                <h4 class=\"pfy-post-title\"><a href=\"https:\/\/ammabarbacena.com.br\/perguntas-frequentes\/o-que-e-extrusado\/\">O que \u00e9 extrusado<\/a><\/h4>\r\n\r\n                                <span class=\"pfy-post-date\"><i class=\"fal fa-calendar-alt\"><\/i> 17\/07\/2025<\/span>\r\n                \r\n            <\/div>\r\n        <\/div>\r\n            <div class=\"pfy-post-item pfy-scale pfy-flex\">\r\n                        <div class=\"pfy-post-content\">\r\n\r\n                                            <a class=\"benqu-cate-badge\" href=\"https:\/\/ammabarbacena.com.br\/perguntas-frequentes\/categorias\/conteudo\/\" style=\"background-color:#3b60fe\">\n        <span>Conte\u00fado<\/span> \n        <\/a>\n                    \r\n                <h4 class=\"pfy-post-title\"><a href=\"https:\/\/ammabarbacena.com.br\/perguntas-frequentes\/o-que-e-fr-na-enfermagem\/\">O que \u00e9 fr na enfermagem<\/a><\/h4>\r\n\r\n                                <span class=\"pfy-post-date\"><i class=\"fal fa-calendar-alt\"><\/i> 17\/07\/2025<\/span>\r\n                \r\n            <\/div>\r\n        <\/div>\r\n            <div class=\"pfy-post-item pfy-scale pfy-flex\">\r\n                        <div class=\"pfy-post-content\">\r\n\r\n                                            <a class=\"benqu-cate-badge\" href=\"https:\/\/ammabarbacena.com.br\/perguntas-frequentes\/categorias\/conteudo\/\" style=\"background-color:#3b60fe\">\n        <span>Conte\u00fado<\/span> \n        <\/a>\n                    \r\n                <h4 class=\"pfy-post-title\"><a href=\"https:\/\/ammabarbacena.com.br\/perguntas-frequentes\/o-que-e-glutonaria-na-biblia\/\">O que \u00e9 glutonaria na b\u00edblia<\/a><\/h4>\r\n\r\n                                <span class=\"pfy-post-date\"><i class=\"fal fa-calendar-alt\"><\/i> 17\/07\/2025<\/span>\r\n                \r\n            <\/div>\r\n        <\/div>\r\n            <div class=\"pfy-post-item pfy-scale pfy-flex\">\r\n                        <div class=\"pfy-post-content\">\r\n\r\n                                            <a class=\"benqu-cate-badge\" href=\"https:\/\/ammabarbacena.com.br\/perguntas-frequentes\/categorias\/conteudo\/\" style=\"background-color:#3b60fe\">\n        <span>Conte\u00fado<\/span> \n        <\/a>\n                    \r\n                <h4 class=\"pfy-post-title\"><a href=\"https:\/\/ammabarbacena.com.br\/perguntas-frequentes\/o-que-e-grande-antes-de-ser-pequena\/\">O que \u00e9 grande antes de ser pequena<\/a><\/h4>\r\n\r\n                                <span class=\"pfy-post-date\"><i class=\"fal fa-calendar-alt\"><\/i> 17\/07\/2025<\/span>\r\n                \r\n            <\/div>\r\n        <\/div>\r\n            <div class=\"pfy-post-item pfy-scale pfy-flex\">\r\n                        <div class=\"pfy-post-content\">\r\n\r\n                                            <a class=\"benqu-cate-badge\" href=\"https:\/\/ammabarbacena.com.br\/perguntas-frequentes\/categorias\/conteudo\/\" style=\"background-color:#3b60fe\">\n        <span>Conte\u00fado<\/span> \n        <\/a>\n                    \r\n                <h4 class=\"pfy-post-title\"><a href=\"https:\/\/ammabarbacena.com.br\/perguntas-frequentes\/o-que-e-jubilar-na-faculdade\/\">O que \u00e9 jubilar na faculdade<\/a><\/h4>\r\n\r\n                                <span class=\"pfy-post-date\"><i class=\"fal fa-calendar-alt\"><\/i> 17\/07\/2025<\/span>\r\n                \r\n            <\/div>\r\n        <\/div>\r\n    <\/div>\t\t\r\n    \t\t\t\t<\/div>\n\t\t\t\t<\/div>\n\t\t\t\t\t<\/div>\n\t\t<\/div>\n\t\t\t\t\t<\/div>\n\t\t<\/section>\n\t\t\t\t<section class=\"elementor-section elementor-top-section elementor-element elementor-element-59a47fd elementor-section-full_width benqu-dark-one elementor-section-height-default elementor-section-height-default\" data-id=\"59a47fd\" data-element_type=\"section\" data-e-type=\"section\" data-settings=\"{&quot;background_background&quot;:&quot;classic&quot;}\">\n\t\t\t\t\t\t<div class=\"elementor-container elementor-column-gap-default\">\n\t\t\t\t\t<div class=\"elementor-column elementor-col-100 elementor-top-column elementor-element elementor-element-53487e5\" data-id=\"53487e5\" data-element_type=\"column\" data-e-type=\"column\">\n\t\t\t<div class=\"elementor-widget-wrap elementor-element-populated\">\n\t\t\t\t\t\t<div class=\"elementor-element elementor-element-2fa23fd elementor-widget elementor-widget-benqu-post-grid-carousel\" data-id=\"2fa23fd\" data-element_type=\"widget\" data-e-type=\"widget\" data-widget_type=\"benqu-post-grid-carousel.default\">\n\t\t\t\t<div class=\"elementor-widget-container\">\n\t\t\t\t\t\t\t<div class=\"pfy-post-grid-carousel-wrap carousel-style-2\">\r\n    <div class=\"container\">\r\n        <div class=\"row\">\r\n            <div class=\"col-lg-12\">\r\n                                <div class=\"benqu-section-title-wrap text-left\">\r\n                    <h2>Recentes<\/h2>\r\n                    <span><\/span>\r\n                <\/div>\r\n                            <\/div>\r\n        <\/div>\r\n    <\/div>\r\n    <div class=\"container-fluid\">        \r\n        <div class=\"pfy-post-grid-carousel owl-carousel\" id=\"benqu-post-car-2fa23fd\" data-navs=\"\" data-dots=\"true\" data-autoplay=\"\" >\r\n                    <div class=\"pfy-post-item pfy-scale pfy-img-commn-style\">\r\n                                <div class=\"pfy-post-content\">\t\t\t\t\t\t\r\n\r\n                    <h4 class=\"pfy-post-title\"><a href=\"https:\/\/ammabarbacena.com.br\/perguntas-frequentes\/o-que-e-uniao-ilegitima-na-biblia\/\">O que \u00e9 uni\u00e3o ileg\u00edtima na b\u00edblia<\/a><\/h4>\r\n\r\n                    <ul class=\"pfy-post-gd-meta\">\r\n                                                    <li><span class=\"auth_by\">POR<\/span> <a href=\"https:\/\/ammabarbacena.com.br\/perguntas-frequentes\/author\/joana\/\" title=\"Posts de Joana\" rel=\"author\">Joana<\/a><\/li>\r\n                        \r\n                                                <li><i class=\"far fa-comments\"><\/i> \r\n                            0 Coment\u00e1rios                        <\/li>\r\n                        \r\n                    <\/ul>\r\n\r\n                <\/div>\r\n            <\/div>\r\n                        <div class=\"pfy-post-item pfy-scale pfy-img-commn-style\">\r\n                                <div class=\"pfy-post-content\">\t\t\t\t\t\t\r\n\r\n                    <h4 class=\"pfy-post-title\"><a href=\"https:\/\/ammabarbacena.com.br\/perguntas-frequentes\/o-que-e-um-novilho-na-biblia\/\">O que \u00e9 um novilho na b\u00edblia<\/a><\/h4>\r\n\r\n                    <ul class=\"pfy-post-gd-meta\">\r\n                                                    <li><span class=\"auth_by\">POR<\/span> <a href=\"https:\/\/ammabarbacena.com.br\/perguntas-frequentes\/author\/joana\/\" title=\"Posts de Joana\" rel=\"author\">Joana<\/a><\/li>\r\n                        \r\n                                                <li><i class=\"far fa-comments\"><\/i> \r\n                            0 Coment\u00e1rios                        <\/li>\r\n                        \r\n                    <\/ul>\r\n\r\n                <\/div>\r\n            <\/div>\r\n                        <div class=\"pfy-post-item pfy-scale pfy-img-commn-style\">\r\n                                <div class=\"pfy-post-content\">\t\t\t\t\t\t\r\n\r\n                    <h4 class=\"pfy-post-title\"><a href=\"https:\/\/ammabarbacena.com.br\/perguntas-frequentes\/o-que-e-covado-na-biblia-sagrada\/\">O que \u00e9 c\u00f4vado na b\u00edblia sagrada<\/a><\/h4>\r\n\r\n                    <ul class=\"pfy-post-gd-meta\">\r\n                                                    <li><span class=\"auth_by\">POR<\/span> <a href=\"https:\/\/ammabarbacena.com.br\/perguntas-frequentes\/author\/joana\/\" title=\"Posts de Joana\" rel=\"author\">Joana<\/a><\/li>\r\n                        \r\n                                                <li><i class=\"far fa-comments\"><\/i> \r\n                            0 Coment\u00e1rios                        <\/li>\r\n                        \r\n                    <\/ul>\r\n\r\n                <\/div>\r\n            <\/div>\r\n                        <div class=\"pfy-post-item pfy-scale pfy-img-commn-style\">\r\n                                <div class=\"pfy-post-content\">\t\t\t\t\t\t\r\n\r\n                    <h4 class=\"pfy-post-title\"><a href=\"https:\/\/ammabarbacena.com.br\/perguntas-frequentes\/oque-e-colera-na-biblia\/\">O&#8217;que \u00e9 colera na b\u00edblia<\/a><\/h4>\r\n\r\n                    <ul class=\"pfy-post-gd-meta\">\r\n                                                    <li><span class=\"auth_by\">POR<\/span> <a href=\"https:\/\/ammabarbacena.com.br\/perguntas-frequentes\/author\/joana\/\" title=\"Posts de Joana\" rel=\"author\">Joana<\/a><\/li>\r\n                        \r\n                                                <li><i class=\"far fa-comments\"><\/i> \r\n                            0 Coment\u00e1rios                        <\/li>\r\n                        \r\n                    <\/ul>\r\n\r\n                <\/div>\r\n            <\/div>\r\n                        <div class=\"pfy-post-item pfy-scale pfy-img-commn-style\">\r\n                                <div class=\"pfy-post-content\">\t\t\t\t\t\t\r\n\r\n                    <h4 class=\"pfy-post-title\"><a href=\"https:\/\/ammabarbacena.com.br\/perguntas-frequentes\/o-que-e-barbaro-na-biblia\/\">O que \u00e9 b\u00e1rbaro na b\u00edblia<\/a><\/h4>\r\n\r\n                    <ul class=\"pfy-post-gd-meta\">\r\n                                                    <li><span class=\"auth_by\">POR<\/span> <a href=\"https:\/\/ammabarbacena.com.br\/perguntas-frequentes\/author\/joana\/\" title=\"Posts de Joana\" rel=\"author\">Joana<\/a><\/li>\r\n                        \r\n                                                <li><i class=\"far fa-comments\"><\/i> \r\n                            0 Coment\u00e1rios                        <\/li>\r\n                        \r\n                    <\/ul>\r\n\r\n                <\/div>\r\n            <\/div>\r\n                        <div class=\"pfy-post-item pfy-scale pfy-img-commn-style\">\r\n                                <div class=\"pfy-post-content\">\t\t\t\t\t\t\r\n\r\n                    <h4 class=\"pfy-post-title\"><a href=\"https:\/\/ammabarbacena.com.br\/perguntas-frequentes\/quanto-tempo-de-repouso-apos-cirurgia-de-cisto-no-ovario\/\">Quanto tempo de repouso ap\u00f3s cirurgia de cisto no ov\u00e1rio<\/a><\/h4>\r\n\r\n                    <ul class=\"pfy-post-gd-meta\">\r\n                                                    <li><span class=\"auth_by\">POR<\/span> <a href=\"https:\/\/ammabarbacena.com.br\/perguntas-frequentes\/author\/joana\/\" title=\"Posts de Joana\" rel=\"author\">Joana<\/a><\/li>\r\n                        \r\n                                                <li><i class=\"far fa-comments\"><\/i> \r\n                            0 Coment\u00e1rios                        <\/li>\r\n                        \r\n                    <\/ul>\r\n\r\n                <\/div>\r\n            <\/div>\r\n                        <div class=\"pfy-post-item pfy-scale pfy-img-commn-style\">\r\n                                <div class=\"pfy-post-content\">\t\t\t\t\t\t\r\n\r\n                    <h4 class=\"pfy-post-title\"><a href=\"https:\/\/ammabarbacena.com.br\/perguntas-frequentes\/o-que-e-bom-para-varizes-inflamadas\/\">O que \u00e9 bom para varizes inflamadas<\/a><\/h4>\r\n\r\n                    <ul class=\"pfy-post-gd-meta\">\r\n                                                    <li><span class=\"auth_by\">POR<\/span> <a href=\"https:\/\/ammabarbacena.com.br\/perguntas-frequentes\/author\/joana\/\" title=\"Posts de Joana\" rel=\"author\">Joana<\/a><\/li>\r\n                        \r\n                                                <li><i class=\"far fa-comments\"><\/i> \r\n                            0 Coment\u00e1rios                        <\/li>\r\n                        \r\n                    <\/ul>\r\n\r\n                <\/div>\r\n            <\/div>\r\n                        <div class=\"pfy-post-item pfy-scale pfy-img-commn-style\">\r\n                                <div class=\"pfy-post-content\">\t\t\t\t\t\t\r\n\r\n                    <h4 class=\"pfy-post-title\"><a href=\"https:\/\/ammabarbacena.com.br\/perguntas-frequentes\/o-que-e-dormitar-na-biblia\/\">O que \u00e9 dormitar na b\u00edblia<\/a><\/h4>\r\n\r\n                    <ul class=\"pfy-post-gd-meta\">\r\n                                                    <li><span class=\"auth_by\">POR<\/span> <a href=\"https:\/\/ammabarbacena.com.br\/perguntas-frequentes\/author\/joana\/\" title=\"Posts de Joana\" rel=\"author\">Joana<\/a><\/li>\r\n                        \r\n                                                <li><i class=\"far fa-comments\"><\/i> \r\n                            0 Coment\u00e1rios                        <\/li>\r\n                        \r\n                    <\/ul>\r\n\r\n                <\/div>\r\n            <\/div>\r\n                        <div class=\"pfy-post-item pfy-scale pfy-img-commn-style\">\r\n                                <div class=\"pfy-post-content\">\t\t\t\t\t\t\r\n\r\n                    <h4 class=\"pfy-post-title\"><a href=\"https:\/\/ammabarbacena.com.br\/perguntas-frequentes\/o-que-e-pastor-na-biblia\/\">O que \u00e9 pastor na b\u00edblia<\/a><\/h4>\r\n\r\n                    <ul class=\"pfy-post-gd-meta\">\r\n                                                    <li><span class=\"auth_by\">POR<\/span> <a href=\"https:\/\/ammabarbacena.com.br\/perguntas-frequentes\/author\/joana\/\" title=\"Posts de Joana\" rel=\"author\">Joana<\/a><\/li>\r\n                        \r\n                                                <li><i class=\"far fa-comments\"><\/i> \r\n                            0 Coment\u00e1rios                        <\/li>\r\n                        \r\n                    <\/ul>\r\n\r\n                <\/div>\r\n            <\/div>\r\n                    <\/div>\r\n    <\/div>\r\n<\/div>\t\t\r\n    \t\t\t\t<\/div>\n\t\t\t\t<\/div>\n\t\t\t\t\t<\/div>\n\t\t<\/div>\n\t\t\t\t\t<\/div>\n\t\t<\/section>\n\t\t\t\t<section class=\"elementor-section elementor-top-section elementor-element elementor-element-e8b984b elementor-section-boxed elementor-section-height-default elementor-section-height-default\" data-id=\"e8b984b\" data-element_type=\"section\" data-e-type=\"section\">\n\t\t\t\t\t\t<div class=\"elementor-container elementor-column-gap-default\">\n\t\t\t\t\t<div class=\"elementor-column elementor-col-100 elementor-top-column elementor-element elementor-element-8b993c7\" data-id=\"8b993c7\" data-element_type=\"column\" data-e-type=\"column\">\n\t\t\t<div class=\"elementor-widget-wrap elementor-element-populated\">\n\t\t\t\t\t\t<div class=\"elementor-element elementor-element-f6a316d elementor-widget elementor-widget-benqu-post-grid-carousel-v2\" data-id=\"f6a316d\" data-element_type=\"widget\" data-e-type=\"widget\" data-widget_type=\"benqu-post-grid-carousel-v2.default\">\n\t\t\t\t<div class=\"elementor-widget-container\">\n\t\t\t\t\t\t\t\r\n    <div class=\"bnq-post-carousel-wrap\">        \r\n        <div class=\"container\">        \r\n            <div class=\"bnq-post-grid-carousel owl-carousel\" id=\"benqu-post-car-f6a316d\" data-navs=\"\" data-dots=\"\" data-autoplay=\"1\" >\r\n                        <\/div>\r\n        <\/div>\r\n    <\/div>\r\n    \t\t\t\t<\/div>\n\t\t\t\t<\/div>\n\t\t\t\t\t<\/div>\n\t\t<\/div>\n\t\t\t\t\t<\/div>\n\t\t<\/section>\n\t\t\t\t<section class=\"elementor-section elementor-top-section elementor-element elementor-element-1d25ac6 elementor-section-boxed elementor-section-height-default elementor-section-height-default\" data-id=\"1d25ac6\" data-element_type=\"section\" data-e-type=\"section\">\n\t\t\t\t\t\t<div class=\"elementor-container elementor-column-gap-default\">\n\t\t\t\t\t<div class=\"elementor-column elementor-col-100 elementor-top-column elementor-element elementor-element-024fa8d\" data-id=\"024fa8d\" data-element_type=\"column\" data-e-type=\"column\">\n\t\t\t<div class=\"elementor-widget-wrap\">\n\t\t\t\t\t\t\t<\/div>\n\t\t<\/div>\n\t\t\t\t\t<\/div>\n\t\t<\/section>\n\t\t\t\t<section class=\"elementor-section elementor-top-section elementor-element elementor-element-8d208e8 elementor-section-boxed elementor-section-height-default elementor-section-height-default\" data-id=\"8d208e8\" data-element_type=\"section\" data-e-type=\"section\" data-settings=\"{&quot;background_background&quot;:&quot;classic&quot;}\">\n\t\t\t\t\t\t<div class=\"elementor-container elementor-column-gap-default\">\n\t\t\t\t\t<div class=\"elementor-column elementor-col-100 elementor-top-column elementor-element elementor-element-aca965a\" data-id=\"aca965a\" data-element_type=\"column\" data-e-type=\"column\">\n\t\t\t<div class=\"elementor-widget-wrap elementor-element-populated\">\n\t\t\t\t\t\t<div class=\"elementor-element elementor-element-abb5dda elementor-widget elementor-widget-benqu-post-overlay\" data-id=\"abb5dda\" data-element_type=\"widget\" data-e-type=\"widget\" data-widget_type=\"benqu-post-overlay.default\">\n\t\t\t\t<div class=\"elementor-widget-container\">\n\t\t\t\t\t\t\t<div class=\"pfy-post-grid-wrap pfy-overlay-style-2 style-4\">\r\n    <div class=\"row\">\r\n            <\/div>    \r\n<\/div>\t\t\r\n    \t\t\t\t<\/div>\n\t\t\t\t<\/div>\n\t\t\t\t\t<\/div>\n\t\t<\/div>\n\t\t\t\t\t<\/div>\n\t\t<\/section>\n\t\t\t\t<\/div>\n\t\t","protected":false},"excerpt":{"rendered":"<p>Loterias Uncategorized Fasion Trends and Li Edelkoort the Culture Shock Special Report BY rodrigomacedo agosto 2, 2022 0 Comments 36 Views Uncategorized Trip Iqaluit Nunavut A Canadian Arctic City julho 15, 2022 Uncategorized Sony Laptops Are Still Part Of The Sony Family julho 15, 2022 Uncategorized Copa America: Suarez devastated US julho 15, 2022 Uncategorized [&hellip;]<\/p>\n","protected":false},"author":1,"featured_media":0,"parent":0,"menu_order":0,"comment_status":"closed","ping_status":"closed","template":"elementor-template.php","meta":{"footnotes":""},"class_list":["post-1771","page","type-page","status-publish","hentry"],"_links":{"self":[{"href":"https:\/\/ammabarbacena.com.br\/perguntas-frequentes\/wp-json\/wp\/v2\/pages\/1771","targetHints":{"allow":["GET"]}}],"collection":[{"href":"https:\/\/ammabarbacena.com.br\/perguntas-frequentes\/wp-json\/wp\/v2\/pages"}],"about":[{"href":"https:\/\/ammabarbacena.com.br\/perguntas-frequentes\/wp-json\/wp\/v2\/types\/page"}],"author":[{"embeddable":true,"href":"https:\/\/ammabarbacena.com.br\/perguntas-frequentes\/wp-json\/wp\/v2\/users\/1"}],"replies":[{"embeddable":true,"href":"https:\/\/ammabarbacena.com.br\/perguntas-frequentes\/wp-json\/wp\/v2\/comments?post=1771"}],"version-history":[{"count":10,"href":"https:\/\/ammabarbacena.com.br\/perguntas-frequentes\/wp-json\/wp\/v2\/pages\/1771\/revisions"}],"predecessor-version":[{"id":1810,"href":"https:\/\/ammabarbacena.com.br\/perguntas-frequentes\/wp-json\/wp\/v2\/pages\/1771\/revisions\/1810"}],"wp:attachment":[{"href":"https:\/\/ammabarbacena.com.br\/perguntas-frequentes\/wp-json\/wp\/v2\/media?parent=1771"}],"curies":[{"name":"wp","href":"https:\/\/api.w.org\/{rel}","templated":true}]}}